{"id":1313,"date":"2024-02-09T09:03:52","date_gmt":"2024-02-09T09:03:52","guid":{"rendered":"https:\/\/jesucristodios.com\/?page_id=1313"},"modified":"2026-04-14T08:20:21","modified_gmt":"2026-04-14T08:20:21","slug":"cd-28","status":"publish","type":"page","link":"https:\/\/jesucristodios.com\/?page_id=1313","title":{"rendered":"CD 28"},"content":{"rendered":"<p>[et_pb_section fb_built=\u00bb1&#8243; fullwidth=\u00bbon\u00bb _builder_version=\u00bb4.18.0&#8243; _module_preset=\u00bbdefault\u00bb global_colors_info=\u00bb{}\u00bb][et_pb_fullwidth_slider _builder_version=\u00bb4.23.4&#8243; global_colors_info=\u00bb{}\u00bb][et_pb_slide heading=\u00bbSEMILLA audio CD 28&#8243; button_text=\u00bbDescargar CD 28&#8243; button_link=\u00bbhttps:\/\/www.jesucristodios.com\/didascalias\/cd_28\/cd_28.rar\u00bb url_new_window=\u00bbon\u00bb _builder_version=\u00bb4.23.4&#8243; header_level=\u00bbh1&#8243; header_font=\u00bbAcme||||||||\u00bb header_text_color=\u00bb#FFFFFF\u00bb header_font_size=\u00bb67px\u00bb background_image=\u00bbhttp:\/\/jesucristodios.com\/wp-content\/uploads\/2020\/10\/disco_cd.jpg\u00bb background_enable_image=\u00bbon\u00bb link_option_url_new_window=\u00bbon\u00bb header_font_tablet=\u00bb\u00bb header_font_phone=\u00bb\u00bb header_font_last_edited=\u00bbon|desktop\u00bb header_font_size_tablet=\u00bb43px\u00bb header_font_size_phone=\u00bb22px\u00bb header_font_size_last_edited=\u00bbon|phone\u00bb global_colors_info=\u00bb{}\u00bb sticky_transition=\u00bbon\u00bb]<\/p>\n<h1><\/h1>\n<p>[\/et_pb_slide][\/et_pb_fullwidth_slider][\/et_pb_section][et_pb_section fb_built=\u00bb1&#8243; _builder_version=\u00bb4.16&#8243; _module_preset=\u00bbdefault\u00bb global_colors_info=\u00bb{}\u00bb][et_pb_row _builder_version=\u00bb4.18.0&#8243; _module_preset=\u00bbdefault\u00bb global_colors_info=\u00bb{}\u00bb][et_pb_column type=\u00bb4_4&#8243; _builder_version=\u00bb4.16&#8243; _module_preset=\u00bbdefault\u00bb global_colors_info=\u00bb{}\u00bb][et_pb_code _builder_version=\u00bb4.27.4&#8243; _module_preset=\u00bbdefault\u00bb hover_enabled=\u00bb0&#8243; global_colors_info=\u00bb{}\u00bb sticky_enabled=\u00bb0&#8243;]<iframe src=\"https:\/\/www.ivoox.com\/player_es_podcast_2800471_zp_1.html?c1=6c3a1f\" width=\"100%\" height=\"400\" frameborder=\"0\" allowfullscreen=\"\" scrolling=\"no\" loading=\"lazy\"><\/iframe>[\/et_pb_code][et_pb_text _builder_version=\u00bb4.23.4&#8243; _module_preset=\u00bbdefault\u00bb custom_padding=\u00bb12px||0px|||\u00bb global_colors_info=\u00bb{}\u00bb]<\/p>\n<h1><strong><span style=\"color: #e00b00;\"><span style=\"text-decoration: underline;\">CARATULA\u00a0 \u00a0CD28<\/span>\u00a0 \u00a0\u00a0<a href=\"pdf\/caratula_cd28.pdf\" style=\"color: #e00b00;\" target=\"_blank\" rel=\"noopener noreferrer\"><em>PINCHAR <\/em><em>AQU\u00cd<\/em><\/a><\/span><\/strong><\/h1>\n<p>[\/et_pb_text][et_pb_text _builder_version=\u00bb4.16&#8243; _module_preset=\u00bbdefault\u00bb global_colors_info=\u00bb{}\u00bb]<\/p>\n<p style=\"text-align: justify;\"><strong><u><\/u><\/strong><\/p>\n<p style=\"text-align: justify;\"><strong><u><\/u><\/strong><\/p>\n<p style=\"text-align: justify;\"><strong><u><\/u><\/strong><\/p>\n<p style=\"text-align: justify;\"><strong><u>IMPRESO\u00a0 MUY\u00a0 IMPORTANTE<\/u><\/strong>:\u00a0 <strong>Los Siervos\u00a0 de La Semilla lo deben imprimir <u>y no perderlo<\/u><\/strong><\/p>\n<p style=\"text-align: justify;\"><strong>Tenerlo a mano y seguirlo para descargar los CDs de La Semilla al Computador\u00a0 o\u00a0 al Tel\u00e9fono m\u00f3vil,\u00a0<\/strong><\/p>\n<p style=\"text-align: justify;\"><strong>Es bueno tener grabado el CD de La Semilla en\u00a0 el Computador o en el Tel\u00e9fono m\u00f3vil por si se cae la se\u00f1al de internet durante la escucha de las Didascal\u00edas, entonces la Didascal\u00eca no se interrumpe.<\/strong><\/p>\n<p>&nbsp;<\/p>\n<h2 style=\"text-align: center;\">\u00a0 PEQUE\u00d1A\u00a0\u00a0 ESCUELA\u00a0 DE\u00a0\u00a0 EVANGELIZACION<\/h2>\n<p style=\"text-align: center;\"><strong><em>\u00a0 <\/em><\/strong><strong><em>Mar\u00eda la Esclava del Se\u00f1or<\/em><\/strong><\/p>\n<p style=\"text-align: center;\"><strong><em>\u00a0<\/em><\/strong><a href=\"http:\/\/jesucristodios.com\">www.jesucristodios.com<\/a><\/p>\n<p>&nbsp;<\/p>\n<p><strong>\u00bf <u>C\u00d3MO DESCARGAR\u00a0 un CD de LA SEMILLA\u00a0 en mi COMPUTADOR\u00a0 o\u00a0 mi TELEFONO\u00a0 MOVIL <\/u>?<\/strong><\/p>\n<p><strong>\u00a0<\/strong><\/p>\n<p><strong>1\u00b0<\/strong>) <strong>\u00a0\u00a0\u00a0<\/strong><u>\u00a0<\/u>Antes hay que tener en el computador o en el tel\u00e9fono\u00a0 el <strong>programa WINRAR\u00a0 y descargarlo. <\/strong>(buscar descarga <strong>gratuita)<\/strong><\/p>\n<p><strong>\u00a0<\/strong><\/p>\n<p><strong>( <u>I N F O R M A C I \u00d3 N<\/u>\u00a0\u00a0\u00a0 <u>A D I C I O N A L<\/u>:\u00a0\u00a0\u00a0 EL programa WINRAR es gratuito y\u00a0 sirve para comprimir o reducir y tambi\u00e9n para descomprimir los Archivos de Audio\u00a0 o\u00a0 de Texto.\u00a0 <\/strong><\/p>\n<p><strong>Esto hace que los Audios o Trakcs de los CDs de La Semilla ocupen menos lugar cuando los dejamos disponibles en Internet, y as\u00ed se hace un poco mas r\u00e1pido descargarlos posteriomente al Computador o al Telefono Celular: <span style=\"text-decoration: line-through;\"><\/span><\/strong><\/p>\n<p><strong>El\u00a0 IKONO\u00a0 o\u00a0 Logotipo del WINRAR es: unos libros juntos de colores, apretados por un cintur\u00f3n)<\/strong><\/p>\n<p>&nbsp;<\/p>\n<p>[\/et_pb_text][et_pb_image src=\u00bbhttp:\/\/jesucristodios.com\/wp-content\/uploads\/2020\/12\/WinRar.jpg\u00bb title_text=\u00bbWinRar\u00bb align=\u00bbcenter\u00bb _builder_version=\u00bb4.16&#8243; _module_preset=\u00bbdefault\u00bb global_colors_info=\u00bb{}\u00bb][\/et_pb_image][et_pb_text _builder_version=\u00bb4.16&#8243; _module_preset=\u00bbdefault\u00bb global_colors_info=\u00bb{}\u00bb]<\/p>\n<h1><strong>\u00a0\u00a0<\/strong><strong>\u00a0\u00a0 <\/strong><strong>\u00bfC\u00f3mo descargar el programa WINRAR?<\/strong><\/h1>\n<p><strong>\u00a0<\/strong><strong>A) <\/strong><u>PARA\u00a0 COMPUTADORES<\/u>:<\/p>\n<p><strong>\u00a0\u00a0 Poner en Google:<\/strong><\/p>\n<p><strong><em>\u00a0\u00a0\u00a0\u00a0\u00a0\u00a0\u00a0\u00a0 <\/em><\/strong><a href=\"http:\/\/www.winrar.es\/descargar\"><strong><em>www.winrar.es\/descargar<\/em><\/strong><\/a><\/p>\n<p><strong>y seguir los pasos que se indican hasta el final (es f\u00e1cil)<\/strong><\/p>\n<p><strong>\u00a0<\/strong><\/p>\n<p><strong>\u00a0B) <\/strong><strong><\/strong><u>PARA TELEFONO MOVIL<\/u><strong>:<\/strong><\/p>\n<p><strong>\u00a0Descargar de Google Play Store: poner WINRAR e Instalar<\/strong><\/p>\n<p><strong>\u00a0<\/strong><strong><u>I N F O R M A C I \u00d3 N<\/u><\/strong><strong>\u00a0\u00a0\u00a0\u00a0 <u>A D I C I O N A L<\/u>:\u00a0 <\/strong><\/p>\n<p><strong>TODAS LAS APLICACIONES QUE SE DESCARGAN EN EL TELEFONO SE HACEN DESDE UNA APLIACACION QUE TRAEN GRABADAS LOS TELEFONOS, PARA LOS TELEFONOS QUE USAN ANDROID, COMO LA MAYORIA, ESTA APLICACI\u00d3N SE LLAMA \u00abGOOGLE PLAY STORE\u00bb<\/strong><\/p>\n<p><strong>\u00a0<\/strong><\/p>\n<p><strong>2\u00b0<\/strong>) <strong>\u00a0<\/strong>Vamos a nuestra p\u00e1gina:\u00a0\u00a0\u00a0\u00a0\u00a0\u00a0\u00a0\u00a0\u00a0\u00a0\u00a0\u00a0\u00a0\u00a0\u00a0\u00a0\u00a0\u00a0\u00a0\u00a0\u00a0\u00a0\u00a0\u00a0\u00a0\u00a0\u00a0\u00a0\u00a0\u00a0\u00a0\u00a0\u00a0\u00a0\u00a0\u00a0\u00a0\u00a0\u00a0\u00a0\u00a0\u00a0\u00a0\u00a0\u00a0\u00a0\u00a0\u00a0\u00a0\u00a0\u00a0\u00a0\u00a0\u00a0\u00a0\u00a0\u00a0\u00a0\u00a0\u00a0\u00a0\u00a0\u00a0\u00a0\u00a0\u00a0\u00a0\u00a0\u00a0\u00a0\u00a0\u00a0\u00a0\u00a0\u00a0\u00a0\u00a0\u00a0\u00a0\u00a0\u00a0\u00a0\u00a0\u00a0\u00a0\u00a0\u00a0\u00a0\u00a0\u00a0\u00a0\u00a0\u00a0\u00a0\u00a0\u00a0\u00a0\u00a0 .\u00a0\u00a0\u00a0\u00a0\u00a0\u00a0\u00a0\u00a0 <a href=\"http:\/\/www.jesucristodios,com\"><em>www.jesucristodios.com<\/em><\/a><em><br \/> <\/em>y <u>tocamos en la pesta\u00f1a de arriba<\/u> que dice:<\/p>\n<p><strong>\u00a0\u00a0\u00a0\u00a0\u00a0\u00a0\u00a0\u00a0\u00a0\u00a0\u00a0\u00a0\u00a0\u00a0\u00a0\u00a0\u00a0 \u201cCD 18 o CD 19 o CD 20 etc. o tocamos el n\u00famero de CD que queremos descargar en el computador o celular<\/strong>\u201d<\/p>\n<p>&nbsp;<\/p>\n<p><strong>3\u00b0<\/strong>) <strong>\u00a0<\/strong>\u00a0Hacemos <strong>clikc en el recuadro<\/strong> que dice:<\/p>\n<p>Ejemplo:<strong>\u00a0 \u201c DESCARGAR\u00a0 CD\u00a0 18\u201d (Junto al recuadro azul, justo a la gota grande de la fotograf\u00eda)<br \/><\/strong><\/p>\n<p><strong>\u00a0<\/strong><\/p>\n<p><strong>Aparece para registrarse en DROPBOX\u00a0\u00a0 y<\/strong><\/p>\n<p><strong>\u00a0poner los datos que le piden:<\/strong><\/p>\n<ul>\n<li>Nombre:<\/li>\n<li>Apellido<\/li>\n<li>Correo Electr\u00f3nico<\/li>\n<li>Contrase\u00f1a (poner<strong> algo f\u00e1cil de recordar)<\/strong><\/li>\n<\/ul>\n<p><strong>\u00a0<\/strong><\/p>\n<p>Despu\u00e9s tick en:\u00a0 \u201c<strong>Aceptar las CONDICIONES de DROPBOX\u201d<\/strong><\/p>\n<p><strong>\u00a0<\/strong><\/p>\n<p><strong>(\u00a0 <u>I N F O R M A C I \u00d3 N<\/u>\u00a0\u00a0\u00a0 <u>A D I C I O N A L:<\/u>\u00a0\u00a0\u00a0 EL programa DROPBOX es gratuito y\u00a0 sirve para almacenar <\/strong><strong>los Audios o Tracks de La Semilla en nuestro computador.\u00a0 Estos Audios al estar comprimidos por el <\/strong><strong>programa Winrar ocupan poco espacio, pesan poco <\/strong><\/p>\n<p><strong>\u00a0<\/strong><\/p>\n<p>Luego<strong>:\u00a0\u00a0 \u201cCREAR\u00a0 la\u00a0 CUENTA\u201d\u00a0 <\/strong>(Tocar en el recuadro azul de abajo)<\/p>\n<p>&nbsp;<\/p>\n<p><u>ATENCI\u00d3N<\/u>:\u00a0\u00a0 Muchas veces aparece una p\u00e1gina grande de propaganda del DROPBOX de pago, pero <u>muy abajo en letra peque\u00f1a pone:<\/u><\/p>\n<p>&nbsp;<\/p>\n<p><strong>\u00a0\u00a0\u00a0\u00a0\u00a0\u00a0\u00a0\u00a0\u00a0\u00a0\u00a0 \u201cContinuar con el Plan de Dropbox Basic de 2 GB\u201d<\/strong><\/p>\n<p><strong>\u00a0\u00a0\u00a0\u00a0\u00a0\u00a0\u00a0\u00a0\u00a0\u00a0\u00a0\u00a0 <\/strong>Toco en esta l\u00ednea inferior: <em>Dropbox Basic de 2 GB<\/em><\/p>\n<p><strong>\u00a0<\/strong><\/p>\n<p><strong>\u00a0<\/strong><\/p>\n<p><strong>\u00a0\u00a0\u00a0 4\u00b0<\/strong>) <strong>\u00a0<\/strong>Ir al <u>recuadro superior a la derecha<\/u>:<\/p>\n<p>\u201c<strong>DESCARGAR\u201d<\/strong><\/p>\n<p><strong>\u00a0<\/strong><\/p>\n<p>Aparecen tres opciones.\u00a0 Coger la opci\u00f3n primera:<\/p>\n<p><strong>\u201cDESCARGA\u00a0 DIRECTA\u201d<\/strong><\/p>\n<p>&nbsp;<\/p>\n<p>&nbsp;<\/p>\n<p><strong>\u00a0\u00a0\u00a0 5\u00b0<\/strong>) <strong>\u00a0<\/strong><strong>En la parte <u>muy\u00a0 abajo del lado izquierdo<\/u><\/strong><\/p>\n<p>Sale\u00a0 que se est\u00e1 descargando el archivo<\/p>\n<p>Ejemplo:\u00a0 <strong>CD_18. rar<br \/><\/strong><\/p>\n<p><strong>\u00a0<\/strong><\/p>\n<p><strong>\u00a0<\/strong><strong><u>I N F O R M A C I O N\u00a0\u00a0\u00a0\u00a0\u00a0 A D I C I O N A L<\/u><\/strong><strong>:\u00a0 <\/strong><\/p>\n<p><strong>Cuando este descargando, si es que no saben en donde se est\u00e1 guardando el archivo, pueden hacr clic, en la flecha que aparece al lado de esta descarga y pinchar o hacer clic en donde dice \u201cMostrar en carpeta\u201d, y se abrir\u00e1 una ventana y mostrar\u00e1 en donde se est\u00e1 descargando.<\/strong><\/p>\n<p><strong>\u00a0<\/strong><\/p>\n<p><strong>\u00a0\u00a0\u00a0\u00a0\u00a0\u00a0\u00a0\u00a0\u00a0\u00a0\u00a0\u00a0\u00a0\u00a0\u00a0\u00a0\u00a0 Esperar unos minutos para que se descargue<\/strong><\/p>\n<p>(Hay computadores que van m\u00e1s r\u00e1pido y la Descarga se produce antes)<\/p>\n<p><strong>\u00a0<\/strong><\/p>\n<p><strong><u>I N F O R M A C I O N\u00a0\u00a0\u00a0\u00a0 A D I C I O N A L<\/u><\/strong><strong>:<\/strong><\/p>\n<p><strong>Una vez descargado deben Descomprimir el archivo.<\/strong><\/p>\n<p><strong>Para esto hacen doble clic con el mouse en el archivo \u201cCD_18\u201d y les mostrar\u00e1 todo lo que tiene este archivo. Luego en la parte superior eligen \u201cExtraer en \u201c, y Uds, selecionan en la carpeta del computador en donde quieren guardar todos los archivos descomprimidos. Para esto \u00fatimo se recomienda que creen en el computador alguna carpeta con el Nombre por ejemplo de \u201cCD de Semillas\u201d, en donde puedan ir almacenando todos estos archivos.<\/strong><\/p>\n<p><strong>\u00a0<\/strong><\/p>\n<p><strong>\u00a0<\/strong><strong><\/strong><strong>Cualquier duda o inconveniente llamar a ALFREDO PONCE de Chile \u00a0\u00a0Tel.\u00a0\u00a0 226\u00a0 957\u00a0 746<\/strong><\/p>\n<p>[\/et_pb_text][et_pb_text _builder_version=\u00bb4.16&#8243; _module_preset=\u00bbdefault\u00bb text_font=\u00bbTimes New Roman||||||||\u00bb global_colors_info=\u00bb{}\u00bb]<\/p>\n<h2><strong>PEQUE\u00d1A ESCUELA DE EVANGELIZACI\u00d3N<\/strong><\/h2>\n<h3><strong>\u201cMar\u00eda la Esclava del Se\u00f1or\u201d<\/strong><\/h3>\n<p><strong><\/strong><\/p>\n<h4>La Semilla<\/h4>\n<h4>www.jesucristodios.com<\/h4>\n<p>&nbsp;<\/p>\n<h4>\u201cYo soy el Camino, la Verdad y la Vida, nadie va al Padre sino por Mi\u201d<\/h4>\n<p>San Juan 14, 6<\/p>\n<p>&nbsp;<\/p>\n<p>&nbsp;<\/p>\n<p>[\/et_pb_text][\/et_pb_column][\/et_pb_row][\/et_pb_section]<\/p>\n","protected":false},"excerpt":{"rendered":"<p>CARATULA\u00a0 \u00a0CD28\u00a0 \u00a0\u00a0PINCHAR AQU\u00cd IMPRESO\u00a0 MUY\u00a0 IMPORTANTE:\u00a0 Los Siervos\u00a0 de La Semilla lo deben imprimir y no perderlo Tenerlo a mano y seguirlo para descargar los CDs de La Semilla al Computador\u00a0 o\u00a0 al Tel\u00e9fono m\u00f3vil,\u00a0 Es bueno tener grabado el CD de La Semilla en\u00a0 el Computador o en el Tel\u00e9fono m\u00f3vil por si [&hellip;]<\/p>\n","protected":false},"author":1,"featured_media":0,"parent":0,"menu_order":0,"comment_status":"closed","ping_status":"closed","template":"","meta":{"_et_pb_use_builder":"on","_et_pb_old_content":"","_et_gb_content_width":"","footnotes":""},"class_list":["post-1313","page","type-page","status-publish","hentry"],"_links":{"self":[{"href":"https:\/\/jesucristodios.com\/index.php?rest_route=\/wp\/v2\/pages\/1313","targetHints":{"allow":["GET"]}}],"collection":[{"href":"https:\/\/jesucristodios.com\/index.php?rest_route=\/wp\/v2\/pages"}],"about":[{"href":"https:\/\/jesucristodios.com\/index.php?rest_route=\/wp\/v2\/types\/page"}],"author":[{"embeddable":true,"href":"https:\/\/jesucristodios.com\/index.php?rest_route=\/wp\/v2\/users\/1"}],"replies":[{"embeddable":true,"href":"https:\/\/jesucristodios.com\/index.php?rest_route=%2Fwp%2Fv2%2Fcomments&post=1313"}],"version-history":[{"count":11,"href":"https:\/\/jesucristodios.com\/index.php?rest_route=\/wp\/v2\/pages\/1313\/revisions"}],"predecessor-version":[{"id":1531,"href":"https:\/\/jesucristodios.com\/index.php?rest_route=\/wp\/v2\/pages\/1313\/revisions\/1531"}],"wp:attachment":[{"href":"https:\/\/jesucristodios.com\/index.php?rest_route=%2Fwp%2Fv2%2Fmedia&parent=1313"}],"curies":[{"name":"wp","href":"https:\/\/api.w.org\/{rel}","templated":true}]}}